{"id":74313,"date":"2023-04-18T14:40:54","date_gmt":"2023-04-18T12:40:54","guid":{"rendered":"https:\/\/eu.nutramarket.net\/regulations\/"},"modified":"2024-10-09T09:59:01","modified_gmt":"2024-10-09T07:59:01","slug":"regulations","status":"publish","type":"page","link":"https:\/\/eu.nutramarket.net\/sl\/regulations\/","title":{"rendered":"Pravilnik"},"content":{"rendered":"<ol style=\"list-style-type: upper-roman;\" start=\"1\">\n<li><strong>OPREDELITVE POJMOV<\/strong>\n<ol>\n<li><strong>Administrator<\/strong> \u2013 subjekt, naveden v Pravilniku, ki upravlja Spleti\u0161\u010de in je njegov lastnik;<\/li>\n<li><strong>Stranka<\/strong> \u2013 fizi\u010dna oseba, pravna oseba ali drug subjekt, ki je pravno sposoben skleniti pogodbo in odda Naro\u010dilo na Spleti\u0161\u010du;<\/li>\n<li><strong>Potro\u0161nik<\/strong> \u2013 Stranka, fizi\u010dna oseba, ki odda Naro\u010dilo in sklene prodajno Pogodbo za namene, ki niso neposredno povezani z njegovo poslovno ali poklicno dejavnostjo;<\/li>\n<li><strong>Posebna ponudba<\/strong> \u2013 promocijske akcije, ki jih ponuja Prodajalec ob oddaji Naro\u010dila ali po oddaji;<\/li>\n<li><strong>Izdelki<\/strong> \u2013 premi\u010dnine, ki se prodajajo preko Spleti\u0161\u010da;<\/li>\n<li><strong>Pravilnik <\/strong>\u2013 ta Pravilnik;<\/li>\n<li><strong>Spleti\u0161\u010de <\/strong>\u2013 internetni portal na naslovu www.nutramarket.net, v okviru katerega je predlo\u017eena ponudba za nakup Izdelkov in sklenjena Pogodba;<\/li>\n<li><strong>Prodajalec<\/strong> \u2013 VITALDROP Sp\u00f3\u0142ka z ograniczon\u0105 odpowiedzialno\u015bci\u0105, s sede\u017eem v Warszawa na ul. Z\u0142ota 7, lok. 1, 00-019 Warszawa, Poljska, vpisan v register podjetnikov Nacionalnega sodnega registra pod \u0161tevilko KRS 0001086237, \u0161tevilka NIP PL 5252991524, e-naslov: <a href=\"mailto:contact@nutramarket.net\">contact@nutramarket.net<\/a>;<\/li>\n<li><strong>Nudenje storitev z elektronskimi sredstvi \/ Elektronske storitve<\/strong> &#8211; izvajanje Storitve za Uporabnika, ki poteka s po\u0161iljanjem in prejemanjem podatkov preko elektronskih sistemov na individualno zahtevo Uporabnika, brez so\u010dasne prisotnosti obeh strani, pri \u010demer se podatki prena\u0161ajo po telekomunikacijskem omre\u017eju;<\/li>\n<li><strong>Prodajna pogodba<\/strong> \u2013 pogodba, s katero se Prodajalec zavezuje, da bo lastni\u0161tvo Izdelka prenesel na Stranko, Stranka pa se zavezuje, da bo Izdelek prevzela in Prodajalcu pla\u010dala ceno;<\/li>\n<li><strong>Storitve<\/strong> \u2013 storitve, zajete v tem Pravilniku, temeljijo predvsem na:\n<ul>\n<li>zagotavljanju Uporabnikom dostopa do Spleti\u0161\u010da;<\/li>\n<li>nudenju tr\u017enih vsebin in komercialnih informacij;<\/li>\n<li>nudenju Obrazca Naro\u010dila;<\/li>\n<li>posredovanju podatkov iz Prodajal\u010devega Obrazca Naro\u010dila;<\/li>\n<li>prenosu podatkov v zvezi z Naro\u010dilom od Prodajalca do Uporabnika;<\/li>\n<\/ul>\n<\/li>\n<li><strong>Uporabnik<\/strong> \u2013 polnoletna fizi\u010dna oseba, ki uporablja Spleti\u0161\u010de in ima polno pravno sposobnost ali s soglasjem pravnega predstavnika, mladoletna oseba ali oseba brez polne pravne sposobnosti;<\/li>\n<li><strong>Voucher<\/strong> \u2013 kupon, ki ga je Stranka kupila ali prejela, ki ga je izdal Prodajalec, ki vsebuje vsaj vrednost in datum poteka veljavnosti, kar Stranku daje pravico do zni\u017eanja prodajne cene izdelka za vrednost Kupona, pod pogoji, dolo\u010denimi v Pravilniku in Pravilniku uporabe Voucherjev, ki so kot Priloga dodane Pravilniku.<\/li>\n<li><strong>Naro\u010dilo<\/strong> \u2013 izjava volje Stranke, ki je neposredno namenjena sklenitvi Pogodbe o prodaji Izdelkov, z navedbo vrste in \u0161tevila Izdelkov, oddane preko Obrazca Naro\u010dila na Spleti\u0161\u010du ali na na\u010din iz IV. dela Pravilnika;<\/li>\n<\/ol>\n<\/li>\n<\/ol>\n<ol style=\"list-style-type: upper-roman;\" start=\"2\">\n<li><strong>SPLO\u0160NE DOLO\u010cBE<\/strong>\n<ol>\n<li>Pravilnik dolo\u010da:\n<ul>\n<li>pravila uporabe Spleti\u0161\u010da s strani Uporabnikov;<\/li>\n<li>pravila za oddajo Naro\u010dila in sklenitev Pogodbe;<\/li>\n<li>pravila za izvedbo Naro\u010dila in dostave;<\/li>\n<li>postopek reklamacije.<\/li>\n<\/ul>\n<\/li>\n<li>Za uporabo Spleti\u0161\u010da sta potrebna posodobljen spletni brskalnik in naprava, ki ga podpira. Vsak Uporabnik si sam zagotovi dostop do teh naprav in sistemov.<\/li>\n<li>Administrator Spleti\u0161\u010da je VITALDROP Sp\u00f3\u0142ka z ograniczon\u0105 odpowiedzialno\u015bci\u0105, s sede\u017eem v Warszawa na ul. Z\u0142ota 7, lok. 1, 00-019 Warszawa, Poljska, vpisan v register podjetnikov Nacionalnega sodnega registra pod \u0161tevilko KRS 0001086237, \u0161tevilka NIP PL 5252991524, e-naslov: <a href=\"mailto:contact@nutramarket.net\">contact@nutramarket.net<\/a>;<\/li>\n<li><strong>Za\u010detek uporabe Storitev je enakovreden seznanjenju in sprejetju pogojev Pravilnika, Pravilnika o zasebnosti, Pravilnika o pi\u0161kotkih in drugih dokumentov, ki urejajo zagotavljanje Storitev preko Spleti\u0161\u010da<\/strong>. Administrator zagotavlja Storitve samo pod pogoji, dolo\u010denimi v Pravilniku, in ne sogla\u0161a z uporabo Spleti\u0161\u010da v nasprotju z vsebino Pravilnika.<\/li>\n<li>Administrator je lastnik Spleti\u0161\u010da in prek njega zagotavlja Storitve. Administrator se ukvarja s predstavitvijo komercialnih informacij o Izdelkih in omogo\u010da Uporabnikom oddajo Naro\u010dila in sklenitev prodajne Pogodbe za Izdelke s Prodajalcem. Administrator ni Prodajalec Izdelkov in v obsegu, ki ga dovoljuje zakon, ne nosi nobene odgovornosti v zvezi s Izdelki in Pogodbo.<\/li>\n<li>Pri uporabi Spleti\u0161\u010da je Uporabnik dol\u017ean ravnati v skladu z zakonodajo in dobrimi obi\u010daji, pri \u010demer je treba upo\u0161tevati spo\u0161tovanje osebnostnih pravic in pravic intelektualne lastnine tretjih oseb. Zlasti Uporabnik ne sme uporabljati Spleti\u0161\u010da na na\u010din, ki moti njegovo delovanje, na primer z uporabo posebne programske opreme ali naprav ter s po\u0161iljanjem ali objavo kakr\u0161ne koli lastne vsebine na Spleti\u0161\u010du, vklju\u010dno z neza\u017eelenimi komercialnimi informacijami. Uporabnik ne sme Prodajalcu ali Administratorju posredovati nezakonitih, \u017ealjivih ali zavajajo\u010dih vsebin. Administrator si pridr\u017euje pravico, da Uporabnikom v primeru ne\u017eelenih dejanj omeji uporabo Spleti\u0161\u010da.<\/li>\n<li>Pravila za obdelavo osebnih podatkov s strani Administratorja in Prodajalca so vklju\u010dena v Pravilnik o zasebnosti.<\/li>\n<\/ol>\n<\/li>\n<\/ol>\n<ol style=\"list-style-type: upper-roman;\" start=\"3\">\n<li><strong>ODDAJA NARO\u010cILA IN SKLENITEV PRODAJNE POGODBE<\/strong>\n<ol>\n<li>Podatki o \u0161tevilu pakiranj Izdelkov in njihovi ceni, objavljeni na Spleti\u0161\u010du, predstavljajo ponudbo v smislu veljavne zakonodaje. Sprejem ponudbe poteka z oddajo Naro\u010dila. Oddaja Naro\u010dila pomeni izjavo volje Stranke za sklenitev Pogodbe in sprejem ponudbe.<\/li>\n<li>\u010ce je cena Izdelka, predstavljenega na Spleti\u0161\u010du, zni\u017eana glede na redno ceno, je posebna ponudba veljavna le, dokler je Administrator ne spremeni ali odstrani s Spleti\u0161\u010da. Prodajalec lahko na Potro\u0161nika naslovi posebno ponudbo tudi med telefonskim pogovorom, ki je omenjen v odst 6.<\/li>\n<li>Oddaja Naro\u010dila je mo\u017ena, ko Stranka sprejme Pravilnik.<\/li>\n<li>Oddaja Naro\u010dila poteka s tehni\u010dnimi koraki, navedenimi na Spleti\u0161\u010du, ki vklju\u010dujejo zlasti izpolnjevanje polj obrazca za Naro\u010dilo, sprejemanje pravil in Naro\u010dilo, ki se vnese v sistem Spleti\u0161\u010da s pritiskom na gumb za Naro\u010dilo.<\/li>\n<li>Oddaja Naro\u010dila lahko poteka tudi med telefonskim pogovorom med Stranko in predstavnikom Prodajalca, \u010de Prodajalec to mo\u017enost omogo\u010di.<\/li>\n<li>Stranka nosi polno odgovornost za pravilnost podatkov, ki jih vnese na Spleti\u0161\u010du. Administrator si pridr\u017euje pravico, da Prodajalcu ne posreduje nepopolnih, neresni\u010dnih, ponavljajo\u010dih se podatkov ali iz drugih razlogov, ki ka\u017eejo na njihovo neresni\u010dnost ali nezanesljivost. Prodajalec si pridr\u017euje pravico zavrniti izvedbo Naro\u010dila, \u010de preverjanje podatkov o Naro\u010dilu iz zgoraj navedenih ali drugih razlogov onemogo\u010da njegovo izvedbo.<\/li>\n<li>\u010ce Stranka pla\u010da Izdelke, preden Administrator ali Prodajalec opravita preverjanje iz odst.<\/li>\n<li>Prodajal\u010deve dejavnosti preverjanja vklju\u010dujejo predvsem avtomatsko preverjanje podatkov o Naro\u010dilu, elektronske po\u0161te ali telefonskega kontakta za potrditev pravilnosti podatkov. Zavrnitev izvajanja dejavnosti preverjanja ali nezmo\u017enost njihovega dokon\u010danja lahko povzro\u010di preklic Naro\u010dila v skladu z odst. 6.<\/li>\n<li>Prodajna Pogodba je sklenjena, ko nastopi prvi od naslednjih dogodkov:\n<ul>\n<li>pla\u010dilo za izdelke s strani Stranke;<\/li>\n<li>prejem Izdelkov s strani Stranke.<\/li>\n<\/ul>\n<\/li>\n<li>Po oddaji Naro\u010dila Prodajalec Stranki po\u0161lje potrdilo o Naro\u010dilu.<\/li>\n<li>Na \u017eeljo Stranke in v skladu z veljavnimi predpisi Prodajalec Stranki izda ra\u010dun z DDV. Zahtevo za dostavo ra\u010duna je treba sporo\u010diti Prodajalcu ob oddaji Naro\u010dila.<\/li>\n<\/ol>\n<\/li>\n<\/ol>\n<ol style=\"list-style-type: upper-roman;\" start=\"4\">\n<li><strong>CENE IN NA\u010cINI PLA\u010cILA<\/strong>\n<ol>\n<li>Cene Izdelkov in posebne Ponudbe so predstavljene v valuti dr\u017eave prodaje. Cene vklju\u010dujejo DDV in carino ter druge dajatve podobne narave, povezane s prodajo in prevozom Izdelkov do kraja, ki se nahaja na obmo\u010dju, kjer Prodajalec posluje.<\/li>\n<li>Cene ne vklju\u010dujejo carin ali drugih podobnih dajatev v zvezi s prevozom Izdelkov na kraj izven obsega poslovanja Prodajalca.<\/li>\n<li>Prodajalec uporablja pla\u010dilo po povzetju, pla\u010dilo s pla\u010dilno kartico in pla\u010dilo preko PayPal ali drugih pla\u010dilnih posrednikov. Na\u010dini pla\u010dila, ki jih uporablja Prodajalec, se lahko razlikujejo glede na dr\u017eavo prodaje in so navedeni na Spleti\u0161\u010du.<\/li>\n<\/ol>\n<\/li>\n<\/ol>\n<ol style=\"list-style-type: upper-roman;\" start=\"5\">\n<li><strong>DOSTAVA IZDELKOV<\/strong>\n<ol>\n<li>Dostava Izdelkov poteka preko kurirske slu\u017ebe.<\/li>\n<li>Stro\u0161ki dostave so prikazani ob oddaji Naro\u010dila. \u010ce stro\u0161ki dostave niso prikazani, je dostava brezpla\u010dna.<\/li>\n<li>Standardna odprema Izdelkov poteka v 3 delovnih dneh od datuma oddaje Naro\u010dila (\u010das obdelave Naro\u010dila). Standardni dobavni rok je 3 delovne dni od dneva odpreme (\u010das dostave). Kurir opravi dva poskusa dostave, nato pa lahko paket po\u010daka na prevzem s strani naro\u010dnika na prevzemnem mestu kurirske slu\u017ebe.<\/li>\n<li>\u010ce Izdelki niso dostavljeni Stranki, posku\u0161a Prodajalec stopiti v stik s Stranko. Ponovna dostava je na stro\u0161ke naro\u010dnika. V primeru neuspe\u0161nosti dostave ima Prodajalec pravico odstopiti od Pogodbe. V tem primeru Prodajalec Stranki vrne ceno, \u010de je bila pla\u010dana, zmanj\u0161ano za stro\u0161ke dostave.<\/li>\n<li>Stranka je dol\u017ena Izdelke takoj po dostavi pregledati, da ugotovi, ali Izdelki med dostavo niso bili po\u0161kodovani. Stranka nosi tveganje za naklju\u010dno po\u0161kodovanje Izdelkov med dostavo. V primeru po\u0161kodb Izdelkov se je treba nemudoma obrniti na Prodajalca. Stranka lahko prijavi tudi napako v okviru garancije.<\/li>\n<li>V primeru Stranke, ki ni Potro\u0161nik, preide tveganje nenamerne \u0161kode ali izgube Izdelkov na Stranko v trenutku predaje Izdelkov prevozniku.<\/li>\n<\/ol>\n<\/li>\n<\/ol>\n<ol style=\"list-style-type: upper-roman;\" start=\"6\">\n<li><strong>ODSTOP OD POGODBE<\/strong>\n<ol>\n<li>Stranka, ki je Potro\u0161nik, ima pravico odstopiti od Pogodbe v 14 dneh od dneva prevzema Izdelka brez navedbe razloga. Izjava o odstopu od Pogodbe se lahko poda v pisni ali elektronski obliki.<\/li>\n<li>Potro\u0161nik lahko za uveljavljanje pravice do odstopa od Pogodbe uporabi obrazec za odstop od Pogodbe, ki je prilo\u017een Pravilniku, ali poda lastno izjavo z nedvoumno vsebino.<\/li>\n<li>Za upo\u0161tevanje roka za odstop od Pogodbe zado\u0161\u010da, da se pred iztekom roka po\u0161lje odstopno izjavo.<\/li>\n<li><strong>Pravica do odstopa od Pogodbe je izklju\u010dena pri Pogodbah, pri katerih je predmet storitve artikel, dostavljen v embala\u017ei s plombo, in ga zaradi varovanja zdravja ali higienskih razlogov po odprtju embala\u017ee ni mogo\u010de vrniti, \u010de je embala\u017ea bila odprta s strani Potro\u0161nika po dostavi. Tu navedena izklju\u010ditev mo\u017enosti odstopa od Pogodbe velja predvsem za Izdelke iz kategorij: prehranska dopolnila, kozmetika, medicinski pripomo\u010dki.<\/strong><\/li>\n<li>V primeru odstopa Potro\u0161nika od Pogodbe se ta \u0161teje za ni\u010dno. Prodajalec vrne Potro\u0161niku vsa sredstva, ki jih je prejel od njega, razen stro\u0161kov, ki izhajajo iz na\u010dina dostave Izdelka, ki ga je izbral potro\u0161nik, razen najcenej\u0161ega obi\u010dajnega na\u010dina dostave, ki ga ponuja Prodajalec.<\/li>\n<li>V primeru odstopa od Pogodbe je potro\u0161nik dol\u017ean Prodajalcu na svoje stro\u0161ke vrniti prejeto blago v roku 14 dni od dneva oddaje odstopne izjave od Pogodbe. Vra\u010dila, ki potrebujejo pla\u010dilo po povzetju, ne bodo sprejeta. <strong>Vra\u010dilo mora vsebovati vse artikle, ki jih je potro\u0161nik prejel od Prodajalca, vklju\u010dno z artikli, ki jih prejme brezpla\u010dno v okviru oddanega Naro\u010dila.<\/strong><\/li>\n<li>Vra\u010dilo kupnine se izvr\u0161i v 14 dneh od datuma prejema vra\u010dila Izdelkov s strani Potro\u0161nika ali potrditve poslanja Izdelkov, odvisno, kaj se zgodi prej. Vra\u010dilo se izvede na ra\u010dun, s katerega je bilo izvedeno pla\u010dilo ali drug ban\u010dni ra\u010dun, ki ga navede Stranka. V primeru odsotnosti podatkov o ban\u010dnem ra\u010dunu, Prodajalec zahteva podatke takoj, vra\u010dilo pa se izvede v 14 dneh od njihovega prenosa. Ra\u010dun, na katerega se sredstva vrnejo, mora pripadati Stranki ali osebi, ki zastopa njegove interese in ima ustrezno pooblastilo.<\/li>\n<li>\u010ce vra\u010dilo opravljeno na na\u010din, dolo\u010den v odst. 4, ni mogo\u010de, Prodajalec vrne pla\u010dilo na enak na\u010din pla\u010dila, kot ga je uporabil Potro\u0161nik, razen \u010de se Potro\u0161nik izrecno strinja z druga\u010dnim na\u010dinom vra\u010dila, ki zanj ne predstavlja nobenih stro\u0161kov.<\/li>\n<li>\u010ce v dr\u017eavi stalnega prebivali\u0161\u010da Potro\u0161nika za potro\u0161ni\u0161ko prodajo veljajo dolo\u010dbe, ki so ugodnej\u0161e od zgoraj opisanih, veljajo te dolo\u010dbe.<\/li>\n<li>V primeru, da je naro\u010dilo Potro\u0161nika vsebovalo ve\u010d Izdelkov ali Izdelek in enega ali ve\u010d Voucherjev, Potro\u0161nik ne sme odstopiti le od dela Pogodbe. Prodajalec bo predlo\u017eeno izjavo o delnem odstopu od Pogodbe obravnaval kot odstop od celotne Pogodbe.<\/li>\n<\/ol>\n<\/li>\n<\/ol>\n<ol style=\"list-style-type: upper-roman;\" start=\"7\">\n<li><strong>REKLAMACIJE<\/strong>\n<ol>\n<li>\u010ce ima Izdelek fizi\u010dne napake, je Prodajalec odgovoren v okviru garancije v skladu z veljavno zakonodajo. Za obravnavo reklamacije mora Stranka vlo\u017eiti reklamacijo in v kolikor priznanje reklamacije to zahteva \u2013 poslati paket nazaj Prodajalcu. Na enak na\u010din lahko stranka vlo\u017ei reklamacijo v zvezi z izvajanjem Storitev s strani Administratorja in v tem primeru mora reklamacijo nasloviti na Administratorja.<\/li>\n<li>Reklamacijska prijava naj vsebuje:\n<ul>\n<li>osebne podatke in kontaktne podatke Stranke;<\/li>\n<li>datum nakupa in ime Izdelka;<\/li>\n<li>natan\u010den seznam napak Izdelka;<\/li>\n<li>opis, kdaj in v kak\u0161nih okoli\u0161\u010dinah so bile ugotovljene napake na Izdelku;<\/li>\n<li>zahteve osebe, ki reklamira;<\/li>\n<li>informacije, ki omogo\u010dajo izvr\u0161itev zahteve (npr. naslov za dostavo ali \u0161tevilka ban\u010dnega ra\u010duna);<\/li>\n<li>\u010de se reklamacija nana\u0161a na Storitve \u2013 opis in datum nepravilnosti.<\/li>\n<\/ul>\n<\/li>\n<li>Reklamacije se oddajo Prodajalcu (i) pisno ali (ii) po elektronski po\u0161ti.<\/li>\n<li>Prodajalec priznava reklamacije v roku 14 dni od dneva njihovega prejema. Odgovor na reklamacijo Prodajalec posreduje na trajnem mediju.<\/li>\n<li>V primeru prodajne Pogodbe, sklenjene s Stranko, ki ni hkrati Potro\u0161nik, je Prodajal\u010deva odgovornost glede garancije za napake na Izdelkih izklju\u010dena.<\/li>\n<li>V primeru, da bodo kot posledica reklamacije Stranki vrnjena sredstva, Prodajalec obvesti Stranko, ali bo zahteval vra\u010dilo Izdelkov pred vra\u010dilom sredstev Stranki. Vra\u010dilo se izvede v 14 dneh od dneva, ko je Prodajalec priznal reklamacijo ali prejel Izdelke. Dolo\u010dbe \u010dlena VI odst. 6-8 se ustrezno uporablja.<\/li>\n<\/ol>\n<\/li>\n<\/ol>\n<ol style=\"list-style-type: upper-roman;\" start=\"8\">\n<li><strong>IZVENSODNE METODE OBRAVNAVANJA REKLAMACIJ IN UVELJAVLJANJA ZAHTEVKOV<\/strong>\n<ol>\n<li>Stranka, ki \u017eeli vlo\u017eiti reklamacijo ali uveljavljati zahtevke zoper Prodajalca, lahko uporabi izvensodna sredstva za obravnavanje reklamacij in uveljavljanje zahtevkov. Uporaba teh metod je prostovoljna in se lahko izvede, ko se s tem strinjata obe strani v sporu.<\/li>\n<li>Evropska komisija zagotavlja platformo za spletno re\u0161evanje sporov med Potro\u0161niki in Podjetniki (platforma ODR). Na voljo je na: <a href=\"http:\/\/ec.europa.eu\/consumers\/odr\/\">http:\/\/ec.europa.eu\/consumers\/odr\/<\/a>.<\/li>\n<\/ol>\n<\/li>\n<\/ol>\n<ol style=\"list-style-type: upper-roman;\" start=\"9\">\n<li><strong>KON\u010cNE DOLO\u010cBE<\/strong>\n<ol>\n<li>Za re\u0161evanje sporov s Potro\u0161niki je pristojno sodi\u0161\u010de kraja Potro\u0161nikovega prebivali\u0161\u010da. V primeru Strank, ki niso potro\u0161niki, je pristojno sodi\u0161\u010de sede\u017ea Prodajalca.<\/li>\n<li>V skladu s splo\u0161no veljavnimi zakonskimi dolo\u010dbami je pravo, ki se uporablja za Pogodbo, pravo registriranega sede\u017ea Prodajalca.<\/li>\n<\/ol>\n<\/li>\n<\/ol>\n<p><a href=\"http:\/\/eu.nutramarket.net\/wp-content\/uploads\/sites\/32\/2023\/09\/sl-return-form.pdf\"><strong>Vzorec izjave o odstopu od Pogodbe<\/strong><\/a><\/p>\n<h3 style=\"text-align: center;\">PRAVILA ZA UPORABO VOUCHERJEV<\/h3>\n<ol style=\"list-style-type: upper-roman;\" start=\"1\">\n<li><strong>SPLO\u0160NE DOLO\u010cBE<\/strong>\n<ol>\n<li>Ta pravila veljajo samo za Voucherje, ki jih izda Prodajalec.<\/li>\n<li>Vsi izrazi z veliko za\u010detnico imajo pomen, ki jim je dodeljen v Pravilniku.<\/li>\n<li>Ta pravila niso namenjena omejevanju pravic Potro\u0161nikov v skladu z zavezujo\u010dimi zakonskimi dolo\u010dbami. Kadar taki zakoni Potro\u0161nikom podeljujejo pravice, ki presegajo tiste, ki jih dolo\u010dajo ta Pravila, se uporabljajo ustrezni zakoni.<\/li>\n<\/ol>\n<\/li>\n<\/ol>\n<ol style=\"list-style-type: upper-roman;\" start=\"2\">\n<li><strong>VOUCHERJI<\/strong>\n<ol>\n<li>Izdajatelj Voucherjev je Prodajalec.<\/li>\n<li>Voucherji se lahko izdajo v papirni ali elektronski obliki.<\/li>\n<li>Voucherji imajo veljavnost najmanj 3 in najve\u010d 6 mesecev od datuma oddaje Naro\u010dila s strani Stranke. Veljavnost Voucherja je navedena na Voucherju in jo Prodajalec elektronsko zabele\u017ei.<\/li>\n<li>Vrednost Voucherjev je navedena kot dolo\u010den znesek v dolo\u010deni valuti.<\/li>\n<li>Voucherji se izdajajo na prinosnika in jih lahko Stranka prenese na tretjo osebo.<\/li>\n<li>Voucherji imajo unikatno \u0161tevilko (\u201e<strong>Koda<\/strong> <strong>Voucherja<\/strong>\u201d), izpostavljeno na Voucherju.<\/li>\n<li>Stranka potrjuje, da v primeru izgube Voucherja Prodajalec ni dol\u017ean Stranki zagotoviti novega Voucherja ali izgubljene kode Voucherja.<\/li>\n<\/ol>\n<\/li>\n<\/ol>\n<ol style=\"list-style-type: upper-roman;\" start=\"3\">\n<li><strong>PRAVILA ZA UPORABO VOUCHERJEV<\/strong>\n<ol>\n<li>Voucherji dajejo Stranki, ki kupuje na Spleti\u0161\u010du, mo\u017enost, da zni\u017ea ceno katerega koli Izdelka, kupljenega na Spleti\u0161\u010du, za nominalno vrednost Voucherja, ne ve\u010d kot je cena Voucherja. Voucher se uporabi z vnosom Kode Voucherja v polje, ki je na voljo ob zaklju\u010dku naro\u010dila na Spleti\u0161\u010du.<\/li>\n<li>Voucherja ni mogo\u010de uporabiti za zni\u017eanje cene dostave Izdelka Stranki ali drugih dodatnih stro\u0161kov, povezanih z Naro\u010dilom.<\/li>\n<li>Voucher se lahko uporabi samo v celoti. \u010ce je vrednost Naro\u010dila, kupljenega z Voucherjem, ni\u017eja od vrednosti Voucherja, se razlika ne pla\u010da v gotovini ali na kakr\u0161en koli drug na\u010din.<\/li>\n<li>Voucherji niso predmet zamenjave za gotovino ali zamenjave za Voucher z druga\u010dnim zneskom ali datumom poteka veljavnosti, razen \u010de Voucher, ki je bil predlo\u017een stranki, ne izpolnjuje zahtev iz to\u010dke II.3.<\/li>\n<li>Voucherjev ni mogo\u010de zdru\u017eevati. Pri izvedbi enega Naro\u010dila lahko Stranka uporabi samo en (1) Voucher.<\/li>\n<li>Voucherji se lahko uporabljajo samo na Spleti\u0161\u010du.<\/li>\n<\/ol>\n<\/li>\n<\/ol>\n<ol style=\"list-style-type: upper-roman;\" start=\"4\">\n<li><strong>REKLAMACIJE IN ODSTOP<\/strong>\n<ol>\n<li>Za reklamacije in odstope od Naro\u010dil, ki so vklju\u010devale Voucherje ali v okviru katerih je stranka uporabila kupon, veljajo predpisi, ob upo\u0161tevanju naslednjih dolo\u010db.<\/li>\n<li>\u010ce Potro\u0161nik predlo\u017ei izjavo o odstopu od pogodbe v zvezi z Naro\u010dilom, ki je vklju\u010devalo enega ali ve\u010d Voucherjev:\n<ol>\n<li>izjava o odstopu od pogodbe zajema celotno Naro\u010dilo in se ne sme predlo\u017eiti le v zvezi z delom Naro\u010dila;<\/li>\n<li>Stranka, ki odstopi od Pogodbe, je dol\u017ena vrniti Voucherjev prodajalcu ali navesti njihove kode za preverjanje in deaktivacijo;<\/li>\n<li>v primeru, da ne pride do prenosa Voucherjev ali podatkov Voucherjev ali v primeru dolo\u010danja izvajanja Voucherjev, ima Prodajalec pravico zavrniti vra\u010dilo ustreznega dela prodajne cene.<\/li>\n<\/ol>\n<\/li>\n<li>\u010ce Potro\u0161nik predlo\u017ei izjavo o odstopu od pogodbe v zvezi z Naro\u010dilom, na podlagi katere je Potro\u0161nik uporabil Voucher, se prodajna cena povrne tako, da se Potro\u0161niku zagotovi dejansko pla\u010dana cena in Voucher z datumom poteka veljavnosti, ki sovpada z datumom veljavnosti uporabljenega Voucherja. \u010ce Voucher pote\u010de med datumom prodaje in datumom predlo\u017eitve izjave o odstopu od Pogodbe, se povrne samo cena, ki jo je Potro\u0161nik dejansko pla\u010dal.<\/li>\n<li>V primeru reklamacije s strani Stranke v zvezi z Naro\u010dilom, ki je vklju\u010devalo enega ali ve\u010d Voucherjev:\n<ol>\n<li>sprejetje reklamacije v zvezi z Izdelkom, ki vodi do vra\u010dila pla\u010dane cene, lahko vklju\u010duje tudi vra\u010dilo cene, pla\u010dane za Voucherje;<\/li>\n<li>v primeru iz to\u010dke 4.1. je pogoj za vra\u010dilo Voucherjev, da se jih vrne ali posreduje Prodajalcu Kodo Voucherja za deaktivacijo;<\/li>\n<li>\u010de je Voucher uporabljen, vra\u010dilo cene Voucherja ni mogo\u010de.<\/li>\n<\/ol>\n<\/li>\n<li>\u010ce Stranka vlo\u017ei reklamacijo v zvezi z Naro\u010dilom, v okviru katerega je uporabila Voucher, se prodajna cena povrne tako, da se Stranki zagotovi dejansko pla\u010dana cena in Voucher z datumom poteka veljavnosti, ki sovpada z datumom izteka uporabljenega kupona. \u010ce Voucher pote\u010de med datumom prodaje in datumom predlo\u017eitve izjave o odstopu od Pogodbe, se Stranki odobri nov Voucherji ali Voucherji z veljavnostjo najmanj 3 mesece.<\/li>\n<\/ol>\n<\/li>\n<\/ol>\n<ol style=\"list-style-type: upper-roman;\" start=\"5\">\n<li><strong>KON\u010cNE DOLO\u010cBE<\/strong>\n<ol>\n<li>V obsegu, ki ga ta Pravila ne urejajo, se uporabljajo dolo\u010dbe Pravilnika.<\/li>\n<li>Spremembe teh pravil s strani Prodajalca ne vplivajo na Voucherje, izdane pred datumom njihove izvedbe.<\/li>\n<\/ol>\n<\/li>\n<\/ol>\n","protected":false},"excerpt":{"rendered":"<p>OPREDELITVE POJMOV Administrator \u2013 subjekt, naveden v Pravilniku, ki upravlja Spleti\u0161\u010de in je njegov lastnik; Stranka \u2013 fizi\u010dna oseba, pravna oseba ali drug subjekt, ki je pravno sposoben skleniti pogodbo in odda Naro\u010dilo na Spleti\u0161\u010du; Potro\u0161nik \u2013 Stranka, fizi\u010dna oseba, ki odda Naro\u010dilo in sklene prodajno Pogodbo za namene, ki niso neposredno povezani z njegovo [&hellip;]<\/p>\n","protected":false},"author":1,"featured_media":0,"parent":0,"menu_order":0,"comment_status":"closed","ping_status":"closed","template":"","meta":{"footnotes":""},"class_list":["post-74313","page","type-page","status-publish","hentry"],"_links":{"self":[{"href":"https:\/\/eu.nutramarket.net\/sl\/wp-json\/wp\/v2\/pages\/74313","targetHints":{"allow":["GET"]}}],"collection":[{"href":"https:\/\/eu.nutramarket.net\/sl\/wp-json\/wp\/v2\/pages"}],"about":[{"href":"https:\/\/eu.nutramarket.net\/sl\/wp-json\/wp\/v2\/types\/page"}],"author":[{"embeddable":true,"href":"https:\/\/eu.nutramarket.net\/sl\/wp-json\/wp\/v2\/users\/1"}],"replies":[{"embeddable":true,"href":"https:\/\/eu.nutramarket.net\/sl\/wp-json\/wp\/v2\/comments?post=74313"}],"version-history":[{"count":4,"href":"https:\/\/eu.nutramarket.net\/sl\/wp-json\/wp\/v2\/pages\/74313\/revisions"}],"predecessor-version":[{"id":259373,"href":"https:\/\/eu.nutramarket.net\/sl\/wp-json\/wp\/v2\/pages\/74313\/revisions\/259373"}],"wp:attachment":[{"href":"https:\/\/eu.nutramarket.net\/sl\/wp-json\/wp\/v2\/media?parent=74313"}],"curies":[{"name":"wp","href":"https:\/\/api.w.org\/{rel}","templated":true}]}}