{"id":109704,"date":"2023-06-28T07:36:39","date_gmt":"2023-06-28T05:36:39","guid":{"rendered":"https:\/\/eu.nutramarket.net\/product\/beauty-eyes\/"},"modified":"2023-10-25T15:34:12","modified_gmt":"2023-10-25T13:34:12","slug":"beauty-eyes","status":"publish","type":"product","link":"https:\/\/eu.nutramarket.net\/sl\/izdelek\/beauty-eyes\/","title":{"rendered":"Beauty Eyes"},"content":{"rendered":"<p><span style=\"font-weight: 400;\">Izdelek je bil razvit z mislijo o ljudeh, ki:\u00a0<\/span><\/p>\n<ul>\n<li style=\"font-weight: 400;\" aria-level=\"1\"><span style=\"font-weight: 400;\">\u017eelijo okrepiti in zgostiti svoje trepalnice in obrvi<\/span><\/li>\n<li style=\"font-weight: 400;\" aria-level=\"1\"><span style=\"font-weight: 400;\">\u017eelijo pospe\u0161iti rast trepalnic in obrvi<\/span><\/li>\n<li style=\"font-weight: 400;\" aria-level=\"1\"><span style=\"font-weight: 400;\">\u017eelijo videti rezultate po 15 dneh redne uporabe\u00a0<\/span><\/li>\n<li style=\"font-weight: 400;\" aria-level=\"1\"><span style=\"font-weight: 400;\">imajo ob\u010dutljive o\u010di in nosijo kontaktne le\u010de<\/span><\/li>\n<\/ul>\n","protected":false},"excerpt":{"rendered":"<p><span style=\"font-weight: 400;\">Serum za stimulacijo rasti trepalnic in obrvi<\/span><span style=\"font-weight: 400;\"><br \/>\n<\/span><span style=\"font-weight: 400;\">7 ml<\/span><\/p>\n<p><span style=\"font-weight: 400;\">GetShape Beauty Eyes je kozmetika, namenjena ljudem, ki \u017eelijo negovati svoje obrvi in trepalnice.\u00a0 Skrbno razvita formula preparata prepre\u010duje izpadanje trepalnic in obrvi ter pospe\u0161uje njihovo rast.\u00a0 Poleg tega preparat zgosti, doda volumen, zgosti in naredi trepalnice in obrvi ble\u0161\u010do\u010de.\u00a0 Uporabljajo ga lahko tudi uporabnice kontaktnih le\u010d in tiste z ob\u010dutljivimi o\u010dmi. <\/span><\/p>\n","protected":false},"featured_media":19093,"template":"","meta":[],"product_cat":[83],"product_tag":[],"class_list":{"0":"post-109704","1":"product","2":"type-product","3":"status-publish","4":"has-post-thumbnail","6":"product_cat-beauty-sl","8":"first","9":"instock","10":"shipping-taxable","11":"purchasable","12":"product-type-simple"},"_links":{"self":[{"href":"https:\/\/eu.nutramarket.net\/sl\/wp-json\/wp\/v2\/product\/109704","targetHints":{"allow":["GET"]}}],"collection":[{"href":"https:\/\/eu.nutramarket.net\/sl\/wp-json\/wp\/v2\/product"}],"about":[{"href":"https:\/\/eu.nutramarket.net\/sl\/wp-json\/wp\/v2\/types\/product"}],"wp:featuredmedia":[{"embeddable":true,"href":"https:\/\/eu.nutramarket.net\/sl\/wp-json\/wp\/v2\/media\/19093"}],"wp:attachment":[{"href":"https:\/\/eu.nutramarket.net\/sl\/wp-json\/wp\/v2\/media?parent=109704"}],"wp:term":[{"taxonomy":"product_cat","embeddable":true,"href":"https:\/\/eu.nutramarket.net\/sl\/wp-json\/wp\/v2\/product_cat?post=109704"},{"taxonomy":"product_tag","embeddable":true,"href":"https:\/\/eu.nutramarket.net\/sl\/wp-json\/wp\/v2\/product_tag?post=109704"}],"curies":[{"name":"wp","href":"https:\/\/api.w.org\/{rel}","templated":true}]}}