{"id":109712,"date":"2023-06-28T07:30:28","date_gmt":"2023-06-28T05:30:28","guid":{"rendered":"https:\/\/eu.nutramarket.net\/product\/vigaman\/"},"modified":"2023-10-25T15:48:22","modified_gmt":"2023-10-25T13:48:22","slug":"vigaman","status":"publish","type":"product","link":"https:\/\/eu.nutramarket.net\/sl\/izdelek\/vigaman\/","title":{"rendered":"Vigaman"},"content":{"rendered":"<p><span style=\"font-weight: 400;\">Izdelek je bil razvit za mo\u0161ke, ki \u017eelijo:<\/span><\/p>\n<ul>\n<li style=\"font-weight: 400;\" aria-level=\"1\"><span style=\"font-weight: 400;\">ohranjati ustrezno raven spolne aktivnosti<\/span><\/li>\n<li style=\"font-weight: 400;\" aria-level=\"1\"><span style=\"font-weight: 400;\">podpreti pravilen potek spermatogeneze<\/span><\/li>\n<li style=\"font-weight: 400;\" aria-level=\"1\"><span style=\"font-weight: 400;\">podpreti telesno in du\u0161evno kondicijo<\/span><\/li>\n<li style=\"font-weight: 400;\" aria-level=\"1\"><span style=\"font-weight: 400;\">celovito poskrbeti za zdravje in vitalnost telesa<\/span><\/li>\n<\/ul>\n","protected":false},"excerpt":{"rendered":"<p><span style=\"font-weight: 400;\">\u0160ume\u010de tablete za mo\u0161ke, ki \u017eelijo celovito skrbeti za svoje zdravje<\/span><span style=\"font-weight: 400;\"><br \/>\n<\/span><span style=\"font-weight: 400;\">20 tablet<\/span><\/p>\n<p><span style=\"font-weight: 400;\">Vigaman je prehransko dopolnilo, ki je bilo ustvarjeno za mo\u0161ke, ki \u017eelijo u\u017eivati \u017eivljenje v najve\u010dji mo\u017eni meri. Aktivne sestavine vam omogo\u010dajo ohranjanje vitalnosti ter podporo telesni in du\u0161evni pripravljenosti. Pomembno je podpreti spolno aktivnost in poskrbeti za ustrezno raven testosterona.<\/span><\/p>\n","protected":false},"featured_media":19088,"template":"","meta":[],"product_cat":[91],"product_tag":[],"class_list":{"0":"post-109712","1":"product","2":"type-product","3":"status-publish","4":"has-post-thumbnail","6":"product_cat-well-being-sl","8":"first","9":"instock","10":"shipping-taxable","11":"purchasable","12":"product-type-simple"},"_links":{"self":[{"href":"https:\/\/eu.nutramarket.net\/sl\/wp-json\/wp\/v2\/product\/109712","targetHints":{"allow":["GET"]}}],"collection":[{"href":"https:\/\/eu.nutramarket.net\/sl\/wp-json\/wp\/v2\/product"}],"about":[{"href":"https:\/\/eu.nutramarket.net\/sl\/wp-json\/wp\/v2\/types\/product"}],"wp:featuredmedia":[{"embeddable":true,"href":"https:\/\/eu.nutramarket.net\/sl\/wp-json\/wp\/v2\/media\/19088"}],"wp:attachment":[{"href":"https:\/\/eu.nutramarket.net\/sl\/wp-json\/wp\/v2\/media?parent=109712"}],"wp:term":[{"taxonomy":"product_cat","embeddable":true,"href":"https:\/\/eu.nutramarket.net\/sl\/wp-json\/wp\/v2\/product_cat?post=109712"},{"taxonomy":"product_tag","embeddable":true,"href":"https:\/\/eu.nutramarket.net\/sl\/wp-json\/wp\/v2\/product_tag?post=109712"}],"curies":[{"name":"wp","href":"https:\/\/api.w.org\/{rel}","templated":true}]}}