{"id":109737,"date":"2023-06-28T07:23:55","date_gmt":"2023-06-28T05:23:55","guid":{"rendered":"https:\/\/eu.nutramarket.net\/product\/menmax\/"},"modified":"2023-10-25T15:39:28","modified_gmt":"2023-10-25T13:39:28","slug":"menmax","status":"publish","type":"product","link":"https:\/\/eu.nutramarket.net\/sl\/izdelek\/menmax\/","title":{"rendered":"Menmax"},"content":{"rendered":"<p><span style=\"font-weight: 400;\">Izdelek je bil razvit za mo\u0161ke, ki:\u00a0<\/span><\/p>\n<ul>\n<li style=\"font-weight: 400;\" aria-level=\"1\"><span style=\"font-weight: 400;\">\u017eelijo podpirati svoje spolne sposobnosti in libido<\/span><\/li>\n<li style=\"font-weight: 400;\" aria-level=\"1\"><span style=\"font-weight: 400;\">\u017eelijo dopolniti raven L-arginina<\/span><\/li>\n<li style=\"font-weight: 400;\" aria-level=\"1\"><span style=\"font-weight: 400;\">\u017eelijo podpreti odpornost<\/span><\/li>\n<\/ul>\n","protected":false},"excerpt":{"rendered":"<p><span style=\"font-weight: 400;\">Kapsule za mo\u0161ke, ki \u017eelijo u\u017eivati v seksu<\/span><span style=\"font-weight: 400;\"><br \/>\n<\/span><span style=\"font-weight: 400;\">60 kapsul<\/span><\/p>\n<p><span style=\"font-weight: 400;\">MenMax je prehransko dopolnilo, ki je bilo ustvarjeno za mo\u0161ke, ki \u017eelijo u\u017eivati \u017eivljenje v najve\u010dji mo\u017eni meri. Kapsule podpirajo potenco in stimulirajo. Pomagajo tudi pri krepitvi naravne obrambe telesa. Osnovna sestavina preparata je L-arginin. Po drugi strani pa izvle\u010dek mace podpira libido in spolno sposobnost.<\/span><\/p>\n","protected":false},"featured_media":19086,"template":"","meta":[],"product_cat":[91],"product_tag":[],"class_list":{"0":"post-109737","1":"product","2":"type-product","3":"status-publish","4":"has-post-thumbnail","6":"product_cat-well-being-sl","8":"first","9":"instock","10":"shipping-taxable","11":"purchasable","12":"product-type-simple"},"_links":{"self":[{"href":"https:\/\/eu.nutramarket.net\/sl\/wp-json\/wp\/v2\/product\/109737","targetHints":{"allow":["GET"]}}],"collection":[{"href":"https:\/\/eu.nutramarket.net\/sl\/wp-json\/wp\/v2\/product"}],"about":[{"href":"https:\/\/eu.nutramarket.net\/sl\/wp-json\/wp\/v2\/types\/product"}],"wp:featuredmedia":[{"embeddable":true,"href":"https:\/\/eu.nutramarket.net\/sl\/wp-json\/wp\/v2\/media\/19086"}],"wp:attachment":[{"href":"https:\/\/eu.nutramarket.net\/sl\/wp-json\/wp\/v2\/media?parent=109737"}],"wp:term":[{"taxonomy":"product_cat","embeddable":true,"href":"https:\/\/eu.nutramarket.net\/sl\/wp-json\/wp\/v2\/product_cat?post=109737"},{"taxonomy":"product_tag","embeddable":true,"href":"https:\/\/eu.nutramarket.net\/sl\/wp-json\/wp\/v2\/product_tag?post=109737"}],"curies":[{"name":"wp","href":"https:\/\/api.w.org\/{rel}","templated":true}]}}