{"id":109746,"date":"2023-05-11T10:33:18","date_gmt":"2023-05-11T08:33:18","guid":{"rendered":"https:\/\/eu.nutramarket.net\/product\/fenecard\/"},"modified":"2023-10-25T15:36:05","modified_gmt":"2023-10-25T13:36:05","slug":"fenecard","status":"publish","type":"product","link":"https:\/\/eu.nutramarket.net\/sl\/izdelek\/fenecard\/","title":{"rendered":"Fenecard"},"content":{"rendered":"<p><span style=\"font-weight: 400;\">Izdelek je bil razvit z mislijo o ljudeh, ki: \u00a0<\/span><\/p>\n<ul>\n<li style=\"font-weight: 400;\" aria-level=\"1\"><span style=\"font-weight: 400;\">\u017eelijo poskrbeti za pravilno delovanje srca (glog)<\/span><\/li>\n<li style=\"font-weight: 400;\" aria-level=\"1\"><span style=\"font-weight: 400;\">\u017eelijo podpreti vzdr\u017eevanje ravnovesja elektrolitov (magnezij)<\/span><\/li>\n<li style=\"font-weight: 400;\" aria-level=\"1\"><span style=\"font-weight: 400;\">\u017eelijo podpreti proizvodnjo rde\u010dih krvnih celic (vitamin B6)<\/span><\/li>\n<li style=\"font-weight: 400;\" aria-level=\"1\"><span style=\"font-weight: 400;\">\u017eelijo podpreti vzdr\u017eevanje normalnega krvnega tlaka (kalij)<\/span><\/li>\n<li style=\"font-weight: 400;\" aria-level=\"1\"><span style=\"font-weight: 400;\">\u017eelijo zagotoviti pravilno delovanje mi\u0161ic (magnezij in kalij)<\/span><\/li>\n<\/ul>\n","protected":false},"excerpt":{"rendered":"<p><span style=\"font-weight: 400;\">Tablete, ki podpirajo delovanje srca in obto\u010dil<\/span><span style=\"font-weight: 400;\"><br \/>\n<\/span><span style=\"font-weight: 400;\">60 tablet<\/span><\/p>\n<p><span style=\"font-weight: 400;\">Fenecard je prehransko dopolnilo za ljudi, ki \u017eelijo skrbeti za vitalne sile svojega telesa. Priporo\u010da se vsem, ki so izpostavljeni stresu, imajo manj\u0161o telesno aktivnost ali so starej\u0161i. Sestavine, ki jih vsebuje Fenecard, lahko podpirajo delovanje srca in skrbijo za normalen krvni tlak. Prav tako podpirajo normalno delovanje mi\u0161ic in ohranjajo ravnovesje elektrolitov.<\/span><\/p>\n","protected":false},"featured_media":14036,"template":"","meta":[],"product_cat":[91],"product_tag":[],"class_list":{"0":"post-109746","1":"product","2":"type-product","3":"status-publish","4":"has-post-thumbnail","6":"product_cat-well-being-sl","8":"first","9":"instock","10":"shipping-taxable","11":"purchasable","12":"product-type-simple"},"_links":{"self":[{"href":"https:\/\/eu.nutramarket.net\/sl\/wp-json\/wp\/v2\/product\/109746","targetHints":{"allow":["GET"]}}],"collection":[{"href":"https:\/\/eu.nutramarket.net\/sl\/wp-json\/wp\/v2\/product"}],"about":[{"href":"https:\/\/eu.nutramarket.net\/sl\/wp-json\/wp\/v2\/types\/product"}],"wp:featuredmedia":[{"embeddable":true,"href":"https:\/\/eu.nutramarket.net\/sl\/wp-json\/wp\/v2\/media\/14036"}],"wp:attachment":[{"href":"https:\/\/eu.nutramarket.net\/sl\/wp-json\/wp\/v2\/media?parent=109746"}],"wp:term":[{"taxonomy":"product_cat","embeddable":true,"href":"https:\/\/eu.nutramarket.net\/sl\/wp-json\/wp\/v2\/product_cat?post=109746"},{"taxonomy":"product_tag","embeddable":true,"href":"https:\/\/eu.nutramarket.net\/sl\/wp-json\/wp\/v2\/product_tag?post=109746"}],"curies":[{"name":"wp","href":"https:\/\/api.w.org\/{rel}","templated":true}]}}