{"id":109762,"date":"2023-05-09T13:50:34","date_gmt":"2023-05-09T11:50:34","guid":{"rendered":"https:\/\/eu.nutramarket.net\/product\/activestin\/"},"modified":"2024-07-18T15:42:03","modified_gmt":"2024-07-18T13:42:03","slug":"fizzburn","status":"publish","type":"product","link":"https:\/\/eu.nutramarket.net\/sl\/izdelek\/fizzburn\/","title":{"rendered":"FizzBurn"},"content":{"rendered":"<p><span style=\"font-weight: 400;\">Izdelek je bil razvit z mislijo o ljudeh, ki:\u00a0<\/span><\/p>\n<ul>\n<li style=\"font-weight: 400;\" aria-level=\"1\"><span style=\"font-weight: 400;\">i\u0161\u010dejo podporo v procesu huj\u0161anja\u00a0<\/span><\/li>\n<li style=\"font-weight: 400;\" aria-level=\"1\"><span style=\"font-weight: 400;\">i\u0161\u010dejo alternativo tabletam\/kapsulam<\/span><\/li>\n<li style=\"font-weight: 400;\" aria-level=\"1\"><span style=\"font-weight: 400;\">potrebujejo dvig energije<\/span><\/li>\n<li style=\"font-weight: 400;\" aria-level=\"1\"><span style=\"font-weight: 400;\">dajejo prednost izdelkom z visoko vsebnostjo aktivnih snovi in ve\u010dsmernim delovanjem <\/span><\/li>\n<\/ul>\n","protected":false},"excerpt":{"rendered":"<p><span style=\"font-weight: 400;\">\u0160ume\u010de tablete, ki podpirajo proces huj\u0161anja<\/span><span style=\"font-weight: 400;\"><br \/>\n<\/span><span style=\"font-weight: 400;\">20 tablet<\/span><\/p>\n<p><span style=\"font-weight: 400;\">FizzBurn je prehransko dopolnilo, ki je bilo ustvarjeno za ljudi, ki i\u0161\u010dejo podporo v procesu huj\u0161anja. Za udobje je na voljo v obliki \u0161ume\u010dih tablet z okusom pomaran\u010de, ki ne le olaj\u0161ajo jemanje, temve\u010d vam omogo\u010dajo tudi dodatno hidracijo. Preparat med drugim vsebuje tavrin, ki ima koristne lastnosti \u2013 med drugim vpliva na u\u010dinkovitost in proces izgorevanja ma\u0161\u010dob med telovadbo. Druge sestavine podpirajo pravilno delovanje mi\u0161ic, prispevajo k zmanj\u0161anju utrujenosti in iz\u010drpanosti ter vzdr\u017eujejo energetski metabolizem na pravem nivoju.<\/span><\/p>\n","protected":false},"featured_media":223668,"template":"","meta":[],"product_cat":[91],"product_tag":[],"class_list":{"0":"post-109762","1":"product","2":"type-product","3":"status-publish","4":"has-post-thumbnail","6":"product_cat-well-being-sl","8":"first","9":"instock","10":"shipping-taxable","11":"purchasable","12":"product-type-simple"},"_links":{"self":[{"href":"https:\/\/eu.nutramarket.net\/sl\/wp-json\/wp\/v2\/product\/109762","targetHints":{"allow":["GET"]}}],"collection":[{"href":"https:\/\/eu.nutramarket.net\/sl\/wp-json\/wp\/v2\/product"}],"about":[{"href":"https:\/\/eu.nutramarket.net\/sl\/wp-json\/wp\/v2\/types\/product"}],"wp:featuredmedia":[{"embeddable":true,"href":"https:\/\/eu.nutramarket.net\/sl\/wp-json\/wp\/v2\/media\/223668"}],"wp:attachment":[{"href":"https:\/\/eu.nutramarket.net\/sl\/wp-json\/wp\/v2\/media?parent=109762"}],"wp:term":[{"taxonomy":"product_cat","embeddable":true,"href":"https:\/\/eu.nutramarket.net\/sl\/wp-json\/wp\/v2\/product_cat?post=109762"},{"taxonomy":"product_tag","embeddable":true,"href":"https:\/\/eu.nutramarket.net\/sl\/wp-json\/wp\/v2\/product_tag?post=109762"}],"curies":[{"name":"wp","href":"https:\/\/api.w.org\/{rel}","templated":true}]}}