{"id":109779,"date":"2023-05-09T13:45:46","date_gmt":"2023-05-09T11:45:46","guid":{"rendered":"https:\/\/eu.nutramarket.net\/product\/perfecto-cream\/"},"modified":"2023-10-25T15:44:30","modified_gmt":"2023-10-25T13:44:30","slug":"perfecto-cream","status":"publish","type":"product","link":"https:\/\/eu.nutramarket.net\/sl\/izdelek\/perfecto-cream\/","title":{"rendered":"Perfecto Cream"},"content":{"rendered":"<p><span style=\"font-weight: 400;\">Izdelek je bil razvit z mislijo o ljudeh, ki:\u00a0<\/span><\/p>\n<ul>\n<li style=\"font-weight: 400;\" aria-level=\"1\"><span style=\"font-weight: 400;\">\u017eelijo celostno negovati ko\u017eo, ki jo je prizadel celulit,<\/span><\/li>\n<li style=\"font-weight: 400;\" aria-level=\"1\"><span style=\"font-weight: 400;\">\u017eelijo izbolj\u0161ati videz in stanje svoje ko\u017ee,<\/span><\/li>\n<li style=\"font-weight: 400;\" aria-level=\"1\"><span style=\"font-weight: 400;\">se prito\u017eujejo nad odve\u010dno telesno ma\u0161\u010dobo.<\/span><\/li>\n<\/ul>\n","protected":false},"excerpt":{"rendered":"<p><span style=\"font-weight: 400;\">Losjon za telo z negovalnimi in u\u010dvrstitvenimi lastnostmi<\/span><span style=\"font-weight: 400;\"><br \/>\n<\/span><span style=\"font-weight: 400;\">200 ml<\/span><\/p>\n<p><span style=\"font-weight: 400;\">Perfecto Cream je balzam za vse, ki bi radi poskrbeli nego telesa in njegovo dobro stanje. Pomemben vidik delovanja balzama je njegov pozitivni u\u010dinek na zmanj\u0161anje celulita. Ima podporni u\u010dinek pri odstranjevanju odve\u010dne telesne ma\u0161\u010dobe. Bogastvo sestavin pomeni, da je ko\u017ea ves dan negovana. Kljub temu je njegova tekstura ob\u010dutljiva in se hitro vpije, kar pomeni, da ga lahko uporabljate zjutraj in zve\u010der.<\/span><\/p>\n","protected":false},"featured_media":13954,"template":"","meta":[],"product_cat":[83],"product_tag":[],"class_list":{"0":"post-109779","1":"product","2":"type-product","3":"status-publish","4":"has-post-thumbnail","6":"product_cat-beauty-sl","8":"first","9":"instock","10":"shipping-taxable","11":"purchasable","12":"product-type-simple"},"_links":{"self":[{"href":"https:\/\/eu.nutramarket.net\/sl\/wp-json\/wp\/v2\/product\/109779","targetHints":{"allow":["GET"]}}],"collection":[{"href":"https:\/\/eu.nutramarket.net\/sl\/wp-json\/wp\/v2\/product"}],"about":[{"href":"https:\/\/eu.nutramarket.net\/sl\/wp-json\/wp\/v2\/types\/product"}],"wp:featuredmedia":[{"embeddable":true,"href":"https:\/\/eu.nutramarket.net\/sl\/wp-json\/wp\/v2\/media\/13954"}],"wp:attachment":[{"href":"https:\/\/eu.nutramarket.net\/sl\/wp-json\/wp\/v2\/media?parent=109779"}],"wp:term":[{"taxonomy":"product_cat","embeddable":true,"href":"https:\/\/eu.nutramarket.net\/sl\/wp-json\/wp\/v2\/product_cat?post=109779"},{"taxonomy":"product_tag","embeddable":true,"href":"https:\/\/eu.nutramarket.net\/sl\/wp-json\/wp\/v2\/product_tag?post=109779"}],"curies":[{"name":"wp","href":"https:\/\/api.w.org\/{rel}","templated":true}]}}