{"id":109788,"date":"2023-05-09T13:30:08","date_gmt":"2023-05-09T11:30:08","guid":{"rendered":"https:\/\/eu.nutramarket.net\/product\/trichomist-forte\/"},"modified":"2023-10-25T15:47:14","modified_gmt":"2023-10-25T13:47:14","slug":"trichomist-forte","status":"publish","type":"product","link":"https:\/\/eu.nutramarket.net\/sl\/izdelek\/trichomist-forte\/","title":{"rendered":"Trichomist Forte"},"content":{"rendered":"<p><span style=\"font-weight: 400;\">Izdelek je bil razvit z mislijo o ljudeh, ki imajo te\u017eave z:<\/span><\/p>\n<ul>\n<li style=\"font-weight: 400;\" aria-level=\"1\"><span style=\"font-weight: 400;\">izgubo las,<\/span><\/li>\n<li style=\"font-weight: 400;\" aria-level=\"1\"><span style=\"font-weight: 400;\">pomanjkanjem volumna las,<\/span><\/li>\n<li style=\"font-weight: 400;\" aria-level=\"1\"><span style=\"font-weight: 400;\">prekomerno mastnim lasi\u0161\u010dem in lasmi,<\/span><\/li>\n<li style=\"font-weight: 400;\" aria-level=\"1\"><span style=\"font-weight: 400;\">nezdravim videzom las,<\/span><\/li>\n<li style=\"font-weight: 400;\" aria-level=\"1\"><span style=\"font-weight: 400;\">ob\u010dutljivostjo las na mehanske po\u0161kodbe,<\/span><\/li>\n<\/ul>\n","protected":false},"excerpt":{"rendered":"<p><span style=\"font-weight: 400;\">Sprej za stimulacijo rasti las<\/span><span style=\"font-weight: 400;\"><br \/>\n<\/span><span style=\"font-weight: 400;\">50 ml<\/span><\/p>\n<p><span style=\"font-weight: 400;\">Trichomist Forte je kozmetika v spreju, namenjena ljudem, ki se prito\u017eujejo zaradi prekomernega izpadanja las. Zaradi bogastva aktivnih sestavin izdelek blagodejno vpliva na lase, saj pospe\u0161uje njihovo rast in prepre\u010duje izpadanje las.\u00a0 Poleg tega pove\u010duje volumen las, jih krepi, daje zdrav videz in jim vra\u010da sijaj.<\/span><\/p>\n","protected":false},"featured_media":13951,"template":"","meta":[],"product_cat":[83],"product_tag":[],"class_list":{"0":"post-109788","1":"product","2":"type-product","3":"status-publish","4":"has-post-thumbnail","6":"product_cat-beauty-sl","8":"first","9":"instock","10":"shipping-taxable","11":"purchasable","12":"product-type-simple"},"_links":{"self":[{"href":"https:\/\/eu.nutramarket.net\/sl\/wp-json\/wp\/v2\/product\/109788","targetHints":{"allow":["GET"]}}],"collection":[{"href":"https:\/\/eu.nutramarket.net\/sl\/wp-json\/wp\/v2\/product"}],"about":[{"href":"https:\/\/eu.nutramarket.net\/sl\/wp-json\/wp\/v2\/types\/product"}],"wp:featuredmedia":[{"embeddable":true,"href":"https:\/\/eu.nutramarket.net\/sl\/wp-json\/wp\/v2\/media\/13951"}],"wp:attachment":[{"href":"https:\/\/eu.nutramarket.net\/sl\/wp-json\/wp\/v2\/media?parent=109788"}],"wp:term":[{"taxonomy":"product_cat","embeddable":true,"href":"https:\/\/eu.nutramarket.net\/sl\/wp-json\/wp\/v2\/product_cat?post=109788"},{"taxonomy":"product_tag","embeddable":true,"href":"https:\/\/eu.nutramarket.net\/sl\/wp-json\/wp\/v2\/product_tag?post=109788"}],"curies":[{"name":"wp","href":"https:\/\/api.w.org\/{rel}","templated":true}]}}