{"id":109796,"date":"2023-04-19T07:58:37","date_gmt":"2023-04-19T05:58:37","guid":{"rendered":"https:\/\/eu.nutramarket.net\/product\/dr-merritz\/"},"modified":"2024-04-24T15:03:52","modified_gmt":"2024-04-24T13:03:52","slug":"dr-merritz","status":"publish","type":"product","link":"https:\/\/eu.nutramarket.net\/sl\/izdelek\/dr-merritz\/","title":{"rendered":"Dr. Merritz"},"content":{"rendered":"<p><span style=\"font-weight: 400;\">Izdelek je bil razvit z mislijo o ljudeh, ki: \u00a0<\/span><\/p>\n<ul>\n<li style=\"font-weight: 400;\" aria-level=\"1\"><span style=\"font-weight: 400;\">\u017delijo obnoviti in okrepiti nohte<\/span><\/li>\n<li style=\"font-weight: 400;\" aria-level=\"1\"><span style=\"font-weight: 400;\">\u017delijo izbolj\u0161ati stanje svojih nohtov<\/span><\/li>\n<li style=\"font-weight: 400;\" aria-level=\"1\"><span style=\"font-weight: 400;\">\u017delijo pove\u010dati odpornost nohtov na mehanske po\u0161kodbe<\/span><\/li>\n<li style=\"font-weight: 400;\" aria-level=\"1\"><span style=\"font-weight: 400;\">\u017delijo zagotoviti u\u010dinek sijo\u010dih in gladkih nohtov<\/span><\/li>\n<li style=\"font-weight: 400;\" aria-level=\"1\"><span style=\"font-weight: 400;\">\u017delijo podpreti rast nohtne plo\u0161\u010de<\/span><\/li>\n<li style=\"font-weight: 400;\" aria-level=\"1\"><span style=\"font-weight: 400;\">I\u0161\u010dejo izdelek, ki ima poleg svoje negovalne dejavnosti tudi antibakterijske in protiglivi\u010dne u\u010dinke<\/span><\/li>\n<\/ul>\n","protected":false},"excerpt":{"rendered":"<p><span style=\"font-weight: 400;\">Regeneracijski balzam za po\u0161kodovane nohte z antimikrobnimi lastnostmi<\/span><span style=\"font-weight: 400;\"><br \/>\n<\/span><span style=\"font-weight: 400;\">5 ml<\/span><\/p>\n<p><span style=\"font-weight: 400;\">Dr. Merritz je balzam v priro\u010dni obliki laka za nohte. Ustvarjen je bil za ljudi, ki se borijo s te\u017eavami okoli nohtov stopal in rok. Lak ima antibakterijske in protiglivi\u010dne lastnosti. Uporablja se lahko tudi za izbolj\u0161anje stanja nohtov, njihovo regeneracijo in krepitev. U\u010dinek uporabe so lahko sijo\u010di in gladki nohti.<\/span><\/p>\n","protected":false},"featured_media":190332,"template":"","meta":[],"product_cat":[83],"product_tag":[],"class_list":{"0":"post-109796","1":"product","2":"type-product","3":"status-publish","4":"has-post-thumbnail","6":"product_cat-beauty-sl","8":"first","9":"instock","10":"shipping-taxable","11":"purchasable","12":"product-type-simple"},"_links":{"self":[{"href":"https:\/\/eu.nutramarket.net\/sl\/wp-json\/wp\/v2\/product\/109796","targetHints":{"allow":["GET"]}}],"collection":[{"href":"https:\/\/eu.nutramarket.net\/sl\/wp-json\/wp\/v2\/product"}],"about":[{"href":"https:\/\/eu.nutramarket.net\/sl\/wp-json\/wp\/v2\/types\/product"}],"wp:featuredmedia":[{"embeddable":true,"href":"https:\/\/eu.nutramarket.net\/sl\/wp-json\/wp\/v2\/media\/190332"}],"wp:attachment":[{"href":"https:\/\/eu.nutramarket.net\/sl\/wp-json\/wp\/v2\/media?parent=109796"}],"wp:term":[{"taxonomy":"product_cat","embeddable":true,"href":"https:\/\/eu.nutramarket.net\/sl\/wp-json\/wp\/v2\/product_cat?post=109796"},{"taxonomy":"product_tag","embeddable":true,"href":"https:\/\/eu.nutramarket.net\/sl\/wp-json\/wp\/v2\/product_tag?post=109796"}],"curies":[{"name":"wp","href":"https:\/\/api.w.org\/{rel}","templated":true}]}}