{"id":120041,"date":"2023-12-13T14:58:32","date_gmt":"2023-12-13T13:58:32","guid":{"rendered":"https:\/\/eu.nutramarket.net\/?post_type=product&#038;p=120041"},"modified":"2024-02-14T15:43:06","modified_gmt":"2024-02-14T14:43:06","slug":"vitasimil","status":"publish","type":"product","link":"https:\/\/eu.nutramarket.net\/sl\/izdelek\/vitasimil\/","title":{"rendered":"VITASIMIL"},"content":{"rendered":"<p><b>Izdelek je bil razvit z mislijo o ljudeh, ki:\u00a0<\/b><\/p>\n<ul>\n<li style=\"font-weight: 400;\" aria-level=\"1\"><span style=\"font-weight: 400;\">i\u0161\u010dejo podporo v procesu huj\u0161anja,<\/span><\/li>\n<li style=\"font-weight: 400;\" aria-level=\"1\"><span style=\"font-weight: 400;\">imajo radi nove oblike izdelka,<\/span><\/li>\n<li style=\"font-weight: 400;\" aria-level=\"1\"><span style=\"font-weight: 400;\">pri\u010dakujejo ve\u010dsmerno delovanje,\u00a0<\/span><\/li>\n<li style=\"font-weight: 400;\" aria-level=\"1\"><span style=\"font-weight: 400;\">\u017eelijo podpirati presnovo lipidov in ogljikovih hidratov,<\/span><\/li>\n<li style=\"font-weight: 400;\" aria-level=\"1\"><span style=\"font-weight: 400;\">\u017eelijo podpreti vzdr\u017eevanje ustrezne ravni glukoze v krvi,<\/span><\/li>\n<li style=\"font-weight: 400;\" aria-level=\"1\"><span style=\"font-weight: 400;\">ho\u010dejo ohranjati dobro fizi\u010dno po\u010dutje,<\/span><\/li>\n<li style=\"font-weight: 400;\" aria-level=\"1\"><span style=\"font-weight: 400;\">podpreti prebavo.<\/span><\/li>\n<\/ul>\n","protected":false},"excerpt":{"rendered":"<p><span style=\"font-weight: 400;\">\u0160ume\u010de tablete, ki podpirajo proces huj\u0161anja<\/span><\/p>\n<p><span style=\"font-weight: 400;\">\u00a0<\/span><\/p>\n<p><span style=\"font-weight: 400;\">14 vre\u010dk<\/span><\/p>\n<p><span style=\"font-weight: 400;\">\u00a0<\/span><\/p>\n<p><span style=\"font-weight: 400;\">Vitasimil je prehransko dopolnilo, ki je bilo ustvarjeno za ljudi, ki i\u0161\u010dejo podporo v procesu huj\u0161anja. Ima inovativno obliko pra\u0161ka, ki jo lahko dodate svojemu najljub\u0161emu smutiju, jogurtu ali soku. Aktivne sestavine, ki jih vsebuje, so namenjene podpori telesu pri procesu presnove lipidov (ma\u0161\u010dob) in ogljikovih hidratov. Vlaknine v sestavi uravnavajo prebavo.<\/span><\/p>\n","protected":false},"featured_media":120064,"template":"","meta":[],"product_cat":[91],"product_tag":[],"class_list":{"0":"post-120041","1":"product","2":"type-product","3":"status-publish","4":"has-post-thumbnail","6":"product_cat-well-being-sl","8":"first","9":"instock","10":"shipping-taxable","11":"purchasable","12":"product-type-simple"},"_links":{"self":[{"href":"https:\/\/eu.nutramarket.net\/sl\/wp-json\/wp\/v2\/product\/120041","targetHints":{"allow":["GET"]}}],"collection":[{"href":"https:\/\/eu.nutramarket.net\/sl\/wp-json\/wp\/v2\/product"}],"about":[{"href":"https:\/\/eu.nutramarket.net\/sl\/wp-json\/wp\/v2\/types\/product"}],"wp:featuredmedia":[{"embeddable":true,"href":"https:\/\/eu.nutramarket.net\/sl\/wp-json\/wp\/v2\/media\/120064"}],"wp:attachment":[{"href":"https:\/\/eu.nutramarket.net\/sl\/wp-json\/wp\/v2\/media?parent=120041"}],"wp:term":[{"taxonomy":"product_cat","embeddable":true,"href":"https:\/\/eu.nutramarket.net\/sl\/wp-json\/wp\/v2\/product_cat?post=120041"},{"taxonomy":"product_tag","embeddable":true,"href":"https:\/\/eu.nutramarket.net\/sl\/wp-json\/wp\/v2\/product_tag?post=120041"}],"curies":[{"name":"wp","href":"https:\/\/api.w.org\/{rel}","templated":true}]}}