{"id":120050,"date":"2023-12-13T15:36:49","date_gmt":"2023-12-13T14:36:49","guid":{"rendered":"https:\/\/eu.nutramarket.net\/?post_type=product&#038;p=120050"},"modified":"2024-04-12T16:54:03","modified_gmt":"2024-04-12T14:54:03","slug":"supritabs","status":"publish","type":"product","link":"https:\/\/eu.nutramarket.net\/sl\/izdelek\/supritabs\/","title":{"rendered":"Supritabs"},"content":{"rendered":"<p><b>Izdelek je bil razvit z mislijo o ljudeh, ki: \u00a0<\/b><\/p>\n<ul>\n<li style=\"font-weight: 400;\" aria-level=\"1\"><span style=\"font-weight: 400;\">\u017eelijo dopolniti svojo prehrano z vitamini in minerali\u00a0\u00a0<\/span><\/li>\n<li style=\"font-weight: 400;\" aria-level=\"1\"><span style=\"font-weight: 400;\">imajo te\u017eave s po\u017eiranjem tablet ali kapsul in i\u0161\u010dejo drugo obliko zau\u017eitja izdelka\u00a0<\/span><\/li>\n<li style=\"font-weight: 400;\" aria-level=\"1\"><span style=\"font-weight: 400;\">potrebujejo dvig energije\u00a0<\/span><\/li>\n<li style=\"font-weight: 400;\" aria-level=\"1\"><span style=\"font-weight: 400;\">dajejo prednost izdelkom z visoko vsebnostjo aktivnih snovi in ve\u010dsmernim delovanjem \u00a0\u00a0<\/span><\/li>\n<li style=\"font-weight: 400;\" aria-level=\"1\"><span style=\"font-weight: 400;\">\u017eelijo dodatno podpreti hidracijo telesa (raztopljena tableta v kozarcu vode &#8220;prisili&#8221;, da popijemo vsaj \u0161e en kozarec vode\u00a0\u00a0\u00a0<\/span><\/li>\n<\/ul>\n","protected":false},"excerpt":{"rendered":"<p><span style=\"font-weight: 400;\">\u0160ume\u010de tablete za podporo splo\u0161nega dobrega po\u010dutja<\/span><\/p>\n<p><span style=\"font-weight: 400;\">20 tablet<\/span><\/p>\n<p><span style=\"font-weight: 400;\">Supritabs je prehransko dopolnilo, namenjeno ljudem, ki i\u0161\u010dejo energijo, dobro po\u010dutje in dodatno dozo vitaminov. Za udobje je na voljo v obliki \u0161ume\u010dih tablet s tropskim okusom, ki ne le olaj\u0161ajo jemanje, temve\u010d vam omogo\u010dajo tudi dodatno hidracijo. Preparat med drugim vsebuje: kalij, ki ima koristne lastnosti, vklju\u010dno z: podpira \u017eiv\u010dni sistem in skrbi za ustrezen krvni tlak. Preostale sestavine (kalcij, vitamin C, magnezij, krom) podpirajo pravilno delovanje imunskega sistema, ustrezno raven \u017eivljenjske energije in skrbijo za dobro po\u010dutje.\u00a0<\/span><\/p>\n","protected":false},"featured_media":190171,"template":"","meta":[],"product_cat":[91],"product_tag":[],"class_list":{"0":"post-120050","1":"product","2":"type-product","3":"status-publish","4":"has-post-thumbnail","6":"product_cat-well-being-sl","8":"first","9":"instock","10":"shipping-taxable","11":"purchasable","12":"product-type-simple"},"_links":{"self":[{"href":"https:\/\/eu.nutramarket.net\/sl\/wp-json\/wp\/v2\/product\/120050","targetHints":{"allow":["GET"]}}],"collection":[{"href":"https:\/\/eu.nutramarket.net\/sl\/wp-json\/wp\/v2\/product"}],"about":[{"href":"https:\/\/eu.nutramarket.net\/sl\/wp-json\/wp\/v2\/types\/product"}],"wp:featuredmedia":[{"embeddable":true,"href":"https:\/\/eu.nutramarket.net\/sl\/wp-json\/wp\/v2\/media\/190171"}],"wp:attachment":[{"href":"https:\/\/eu.nutramarket.net\/sl\/wp-json\/wp\/v2\/media?parent=120050"}],"wp:term":[{"taxonomy":"product_cat","embeddable":true,"href":"https:\/\/eu.nutramarket.net\/sl\/wp-json\/wp\/v2\/product_cat?post=120050"},{"taxonomy":"product_tag","embeddable":true,"href":"https:\/\/eu.nutramarket.net\/sl\/wp-json\/wp\/v2\/product_tag?post=120050"}],"curies":[{"name":"wp","href":"https:\/\/api.w.org\/{rel}","templated":true}]}}