{"id":120080,"date":"2023-12-18T12:32:21","date_gmt":"2023-12-18T11:32:21","guid":{"rendered":"https:\/\/eu.nutramarket.net\/?post_type=product&#038;p=120080"},"modified":"2023-12-18T14:48:06","modified_gmt":"2023-12-18T13:48:06","slug":"venicoldgel","status":"publish","type":"product","link":"https:\/\/eu.nutramarket.net\/sl\/izdelek\/venicoldgel\/","title":{"rendered":"Venicold Gel"},"content":{"rendered":"<p><b>Izdelek je bil razvit z mislijo o ljudeh, ki: \u00a0<\/b><\/p>\n<ul>\n<li style=\"font-weight: 400;\" aria-level=\"1\"><span style=\"font-weight: 400;\">imajo ob\u010dutek t. i. te\u017ekih nog,<\/span><\/li>\n<li style=\"font-weight: 400;\" aria-level=\"1\"><span style=\"font-weight: 400;\">imajo tendenco \u0161irjenja \u017eil in t. i. pajkastih \u017eil,<\/span><\/li>\n<li style=\"font-weight: 400;\" aria-level=\"1\"><span style=\"font-weight: 400;\">\u017eelijo poskrbeti z olaj\u0161anje utrujenih nog,<\/span><\/li>\n<li style=\"font-weight: 400;\" aria-level=\"1\"><span style=\"font-weight: 400;\">potrebujejo hladilni u\u010dinek, \u0161e posebej poleti.<\/span><\/li>\n<\/ul>\n","protected":false},"excerpt":{"rendered":"<p><span style=\"font-weight: 400;\">Gel za noge z negovalnimi in hladilnimi lastnostmi<\/span><\/p>\n<p><span style=\"font-weight: 400;\">150 ml<\/span><\/p>\n<p><span style=\"font-weight: 400;\">Venicold Gel je gel, ki ima zaradi bogastva aktivnih sestavin \u0161tevilne blagodejne u\u010dinke na ko\u017eo. Izdelek zelo dobro neguje in spro\u0161\u010da ko\u017eo, ima hladen in pomirjujo\u010d u\u010dinek. Poleg tega lahko izdelek prinese olaj\u0161anje utrujenim nogam. Gel se lahko uporablja tako ob\u010dasno kot redno.<\/span><\/p>\n","protected":false},"featured_media":120082,"template":"","meta":[],"product_cat":[91],"product_tag":[],"class_list":{"0":"post-120080","1":"product","2":"type-product","3":"status-publish","4":"has-post-thumbnail","6":"product_cat-well-being-sl","8":"first","9":"instock","10":"shipping-taxable","11":"purchasable","12":"product-type-simple"},"_links":{"self":[{"href":"https:\/\/eu.nutramarket.net\/sl\/wp-json\/wp\/v2\/product\/120080","targetHints":{"allow":["GET"]}}],"collection":[{"href":"https:\/\/eu.nutramarket.net\/sl\/wp-json\/wp\/v2\/product"}],"about":[{"href":"https:\/\/eu.nutramarket.net\/sl\/wp-json\/wp\/v2\/types\/product"}],"wp:featuredmedia":[{"embeddable":true,"href":"https:\/\/eu.nutramarket.net\/sl\/wp-json\/wp\/v2\/media\/120082"}],"wp:attachment":[{"href":"https:\/\/eu.nutramarket.net\/sl\/wp-json\/wp\/v2\/media?parent=120080"}],"wp:term":[{"taxonomy":"product_cat","embeddable":true,"href":"https:\/\/eu.nutramarket.net\/sl\/wp-json\/wp\/v2\/product_cat?post=120080"},{"taxonomy":"product_tag","embeddable":true,"href":"https:\/\/eu.nutramarket.net\/sl\/wp-json\/wp\/v2\/product_tag?post=120080"}],"curies":[{"name":"wp","href":"https:\/\/api.w.org\/{rel}","templated":true}]}}