{"id":190187,"date":"2023-04-19T15:58:02","date_gmt":"2023-04-19T13:58:02","guid":{"rendered":"https:\/\/eu.nutramarket.net\/product\/vidia-oil\/"},"modified":"2024-02-15T18:02:35","modified_gmt":"2024-02-15T17:02:35","slug":"vidia-oil","status":"publish","type":"product","link":"https:\/\/eu.nutramarket.net\/sl\/izdelek\/vidia-oil\/","title":{"rendered":"Vidia Oil"},"content":{"rendered":"<p><b>Izdelek je bil razvit z mislijo o ljudeh, ki: \u00a0<\/b><\/p>\n<ul>\n<li style=\"font-weight: 400;\" aria-level=\"1\"><span style=\"font-weight: 400;\">\u017eelijo poskrbeti za svoj sluh<\/span><\/li>\n<li style=\"font-weight: 400;\" aria-level=\"1\"><span style=\"font-weight: 400;\">\u017eelijo poskrbeti za sr\u010dno-\u017eilni sistem\u00a0<\/span><\/li>\n<li style=\"font-weight: 400;\" aria-level=\"1\"><span style=\"font-weight: 400;\">\u017eelijo bolje nadzorovati raven holesterola<\/span><\/li>\n<li style=\"font-weight: 400;\" aria-level=\"1\"><span style=\"font-weight: 400;\">\u017eelijo podpirati imunski sistem<\/span><\/li>\n<li style=\"font-weight: 400;\" aria-level=\"1\"><span style=\"font-weight: 400;\">\u017eelijo poskrbeti za svoje razpolo\u017eenje\u00a0\u00a0<\/span><\/li>\n<\/ul>\n<p>&nbsp;<\/p>\n","protected":false},"excerpt":{"rendered":"<p>Prehransko dopolnilo v obliki kapljic z zdravilnimi u\u010dinki<br \/>\n10 g<\/p>\n<p><span style=\"font-weight: 400;\">Vidia Oil je olje, namenjeno predvsem ljudem, ki \u017eelijo poskrbeti za svoj sluh. <\/span><span style=\"font-weight: 400;\">Zaradi prisotnosti konopljinega olja blagodejno vpliva na sr\u010dno-\u017eilni sistem ter deluje pomirjujo\u010de in spro\u0161\u010dujo\u010de. Tako sluh bolje deluje, ker celotno telo ni izpostavljeno stresu. Olje podpira tudi pravilno delovanje imunskega sistema.\u00a0<\/span><\/p>\n","protected":false},"featured_media":190180,"template":"","meta":[],"product_cat":[91],"product_tag":[],"class_list":{"0":"post-190187","1":"product","2":"type-product","3":"status-publish","4":"has-post-thumbnail","6":"product_cat-well-being-sl","8":"first","9":"instock","10":"shipping-taxable","11":"purchasable","12":"product-type-simple"},"_links":{"self":[{"href":"https:\/\/eu.nutramarket.net\/sl\/wp-json\/wp\/v2\/product\/190187","targetHints":{"allow":["GET"]}}],"collection":[{"href":"https:\/\/eu.nutramarket.net\/sl\/wp-json\/wp\/v2\/product"}],"about":[{"href":"https:\/\/eu.nutramarket.net\/sl\/wp-json\/wp\/v2\/types\/product"}],"wp:featuredmedia":[{"embeddable":true,"href":"https:\/\/eu.nutramarket.net\/sl\/wp-json\/wp\/v2\/media\/190180"}],"wp:attachment":[{"href":"https:\/\/eu.nutramarket.net\/sl\/wp-json\/wp\/v2\/media?parent=190187"}],"wp:term":[{"taxonomy":"product_cat","embeddable":true,"href":"https:\/\/eu.nutramarket.net\/sl\/wp-json\/wp\/v2\/product_cat?post=190187"},{"taxonomy":"product_tag","embeddable":true,"href":"https:\/\/eu.nutramarket.net\/sl\/wp-json\/wp\/v2\/product_tag?post=190187"}],"curies":[{"name":"wp","href":"https:\/\/api.w.org\/{rel}","templated":true}]}}