{"id":190231,"date":"2024-03-06T15:32:03","date_gmt":"2024-03-06T14:32:03","guid":{"rendered":"https:\/\/eu.nutramarket.net\/product\/nightbeast\/"},"modified":"2024-03-07T09:33:10","modified_gmt":"2024-03-07T08:33:10","slug":"nightbeast","status":"publish","type":"product","link":"https:\/\/eu.nutramarket.net\/sl\/izdelek\/nightbeast\/","title":{"rendered":"Night Beast"},"content":{"rendered":"<p><b>Izdelek je bil razvit za mo\u0161ke, ki:\u00a0<\/b><\/p>\n<ul>\n<li style=\"font-weight: 400;\" aria-level=\"1\"><span style=\"font-weight: 400;\">\u017eelijo podalj\u0161ati trajanje erekcije,<\/span><\/li>\n<li style=\"font-weight: 400;\" aria-level=\"1\"><span style=\"font-weight: 400;\">\u017eelijo spodbuditi rast penisa,<\/span><\/li>\n<li style=\"font-weight: 400;\" aria-level=\"1\"><span style=\"font-weight: 400;\">\u017eelijo izbolj\u0161ati videz penisa,<\/span><\/li>\n<li style=\"font-weight: 400;\" aria-level=\"1\"><span style=\"font-weight: 400;\">\u017eelijo regenerirati in okrepiti ko\u017eo intimnih predelov,<\/span><\/li>\n<li style=\"font-weight: 400;\" aria-level=\"1\"><span style=\"font-weight: 400;\">\u017eelijo med seksom stimulirati in senzibilizirati intimne predele<\/span><\/li>\n<\/ul>\n<p>&nbsp;<\/p>\n","protected":false},"excerpt":{"rendered":"<p><span style=\"font-weight: 400;\">\u00a0<\/span><span style=\"font-weight: 400;\">Intimna krema za mo\u0161ke, ki \u017eelijo izbolj\u0161ati spolno izku\u0161njo<\/span><\/p>\n<p><span style=\"font-weight: 400;\">\u00a0<\/span><\/p>\n<p><span style=\"font-weight: 400;\">150 ml<\/span><\/p>\n<p><span style=\"font-weight: 400;\">\u00a0<\/span><\/p>\n<p><span style=\"font-weight: 400;\">Opis<\/span><\/p>\n<p>&nbsp;<\/p>\n<p><span style=\"font-weight: 400;\">NightBeast je krema za mo\u0161ke, za intimne predele. Namenjena je vsem, ki \u017eelijo izbolj\u0161ati izku\u0161njo med spolnim odnosom. Izdelek omogo\u010da podalj\u0161anje erekcije, ima pa tudi u\u010dinek, ki omogo\u010da pove\u010danje velikosti penisa in na splo\u0161no izbolj\u0161anje njegovega videza. Vse to naredi seks veliko bolj prijeten za oba partnerja in bistveno dvigne temperaturo v spalnici.<\/span><\/p>\n","protected":false},"featured_media":190225,"template":"","meta":[],"product_cat":[91],"product_tag":[],"class_list":{"0":"post-190231","1":"product","2":"type-product","3":"status-publish","4":"has-post-thumbnail","6":"product_cat-well-being-sl","8":"first","9":"instock","10":"shipping-taxable","11":"purchasable","12":"product-type-simple"},"_links":{"self":[{"href":"https:\/\/eu.nutramarket.net\/sl\/wp-json\/wp\/v2\/product\/190231","targetHints":{"allow":["GET"]}}],"collection":[{"href":"https:\/\/eu.nutramarket.net\/sl\/wp-json\/wp\/v2\/product"}],"about":[{"href":"https:\/\/eu.nutramarket.net\/sl\/wp-json\/wp\/v2\/types\/product"}],"wp:featuredmedia":[{"embeddable":true,"href":"https:\/\/eu.nutramarket.net\/sl\/wp-json\/wp\/v2\/media\/190225"}],"wp:attachment":[{"href":"https:\/\/eu.nutramarket.net\/sl\/wp-json\/wp\/v2\/media?parent=190231"}],"wp:term":[{"taxonomy":"product_cat","embeddable":true,"href":"https:\/\/eu.nutramarket.net\/sl\/wp-json\/wp\/v2\/product_cat?post=190231"},{"taxonomy":"product_tag","embeddable":true,"href":"https:\/\/eu.nutramarket.net\/sl\/wp-json\/wp\/v2\/product_tag?post=190231"}],"curies":[{"name":"wp","href":"https:\/\/api.w.org\/{rel}","templated":true}]}}