{"id":190346,"date":"2024-04-26T10:04:28","date_gmt":"2024-04-26T08:04:28","guid":{"rendered":"https:\/\/eu.nutramarket.net\/?post_type=product&#038;p=190346"},"modified":"2024-04-26T11:40:32","modified_gmt":"2024-04-26T09:40:32","slug":"visadore","status":"publish","type":"product","link":"https:\/\/eu.nutramarket.net\/sl\/izdelek\/visadore\/","title":{"rendered":"Visador\u00e9"},"content":{"rendered":"<p><b>Izdelek je bil razvit za \u017eenske, ki:\u00a0<\/b><\/p>\n<ul>\n<li style=\"font-weight: 400;\" aria-level=\"1\"><span style=\"font-weight: 400;\">\u017eelijo upo\u010dasniti proces staranja ko\u017ee,<\/span><\/li>\n<li style=\"font-weight: 400;\" aria-level=\"1\"><span style=\"font-weight: 400;\">i\u0161\u010dejo izdelek z lifting in gladilnim delovanjem,<\/span><\/li>\n<li style=\"font-weight: 400;\" aria-level=\"1\"><span style=\"font-weight: 400;\">i\u0161\u010dejo izdelek, ki se hitro vpije in ne pusti lepljive plasti,<\/span><\/li>\n<li style=\"font-weight: 400;\" aria-level=\"1\"><span style=\"font-weight: 400;\">i\u0161\u010dejo izdelek, ki je primeren kot podlaga za li\u010denje.<\/span><\/li>\n<\/ul>\n","protected":false},"excerpt":{"rendered":"<p><span style=\"font-weight: 400;\">Dnevna krema za obraz z gladilnim delovanjem<\/span><span style=\"font-weight: 400;\">. Za \u017eenske, ki skrbijo za obrazno ko\u017eo.<br \/>\n<\/span><span style=\"font-weight: 400;\">50 ml<\/span><\/p>\n<p><span style=\"font-weight: 400;\">Visador\u00e8 Day je dnevna krema, ustvarjena z mislijo na \u017eenske, ki \u017eelijo upo\u010dasniti staranje ko\u017ee. Zahvaljujo\u010d vsebnosti aktivnih sestavin krema podpira regeneracijo povrhnjice in ima lifting u\u010dinek. Visador\u00e8 se odli\u010dno vpije in ne pu\u0161\u010da lepljive, neprijetne plasti, zato je primerna za uporabo pod li\u010dili.\u00a0\u00a0<\/span><\/p>\n","protected":false},"featured_media":190347,"template":"","meta":[],"product_cat":[83],"product_tag":[],"class_list":{"0":"post-190346","1":"product","2":"type-product","3":"status-publish","4":"has-post-thumbnail","6":"product_cat-beauty-sl","8":"first","9":"instock","10":"shipping-taxable","11":"purchasable","12":"product-type-simple"},"_links":{"self":[{"href":"https:\/\/eu.nutramarket.net\/sl\/wp-json\/wp\/v2\/product\/190346","targetHints":{"allow":["GET"]}}],"collection":[{"href":"https:\/\/eu.nutramarket.net\/sl\/wp-json\/wp\/v2\/product"}],"about":[{"href":"https:\/\/eu.nutramarket.net\/sl\/wp-json\/wp\/v2\/types\/product"}],"wp:featuredmedia":[{"embeddable":true,"href":"https:\/\/eu.nutramarket.net\/sl\/wp-json\/wp\/v2\/media\/190347"}],"wp:attachment":[{"href":"https:\/\/eu.nutramarket.net\/sl\/wp-json\/wp\/v2\/media?parent=190346"}],"wp:term":[{"taxonomy":"product_cat","embeddable":true,"href":"https:\/\/eu.nutramarket.net\/sl\/wp-json\/wp\/v2\/product_cat?post=190346"},{"taxonomy":"product_tag","embeddable":true,"href":"https:\/\/eu.nutramarket.net\/sl\/wp-json\/wp\/v2\/product_tag?post=190346"}],"curies":[{"name":"wp","href":"https:\/\/api.w.org\/{rel}","templated":true}]}}